{"id":73,"date":"2025-07-22T17:32:18","date_gmt":"2025-07-22T15:32:18","guid":{"rendered":"http:\/\/experienzia.test\/?page_id=73"},"modified":"2025-08-04T23:06:07","modified_gmt":"2025-08-04T21:06:07","slug":"condiciones-de-uso","status":"publish","type":"page","link":"https:\/\/desarrollosgg2.com\/experienzia\/condiciones-de-uso\/","title":{"rendered":"Condiciones de Uso"},"content":{"rendered":"\t\t<div data-elementor-type=\"wp-page\" data-elementor-id=\"73\" class=\"elementor elementor-73\" data-elementor-post-type=\"page\">\n\t\t\t\t<div class=\"elementor-element elementor-element-f7e132d e-con-full e-flex e-con e-parent\" data-id=\"f7e132d\" data-element_type=\"container\" data-settings=\"{&quot;background_background&quot;:&quot;classic&quot;}\">\n\t\t\t\t<div class=\"elementor-element elementor-element-b3ab2cb elementor-widget elementor-widget-text-editor\" data-id=\"b3ab2cb\" data-element_type=\"widget\" data-widget_type=\"text-editor.default\">\n\t\t\t\t\t\t\t\t\t<p class=\"p1\"><b>CONDICIONES GENERALES DE USO<\/b><b><\/b><\/p><p class=\"p1\"><b>1. Objeto<\/b><b><\/b><\/p><p class=\"p2\">Las presentes condiciones regulan el acceso y uso del sitio web [www.experienzia.es] (en adelante, \u201cel Sitio Web\u201d), propiedad de Marketing y Experienzia de Cliente S.L. (en adelante, \u201cla Empresa\u201d), as\u00ed como la relaci\u00f3n entre los usuarios y la Empresa.<\/p><p class=\"p2\">El acceso al Sitio Web implica la aceptaci\u00f3n sin reservas de estas Condiciones Generales de Uso, por lo que si el usuario no est\u00e1 de acuerdo con ellas, deber\u00e1 abstenerse de utilizarlo.<\/p><p class=\"p1\"><b>2. Acceso y uso del sitio web<\/b><b><\/b><\/p><p class=\"p2\">El acceso al sitio web tiene car\u00e1cter libre y gratuito para los usuarios. Sin embargo, algunos servicios ofrecidos en el sitio web pueden estar sujetos a contrataci\u00f3n previa o al registro del usuario.<\/p><p class=\"p2\">El usuario se compromete a:<\/p><p class=\"p2\">\u2219 Hacer un uso diligente, correcto y l\u00edcito del sitio web y de los servicios ofrecidos.<\/p><p class=\"p2\">\u2219 No utilizar el sitio web para la realizaci\u00f3n de actividades contrarias a la ley, la moral o el orden p\u00fablico.<\/p><p class=\"p2\">\u2219 No introducir ni difundir en la red virus inform\u00e1ticos o cualquier otro sistema f\u00edsico o l\u00f3gico que pueda provocar da\u00f1os a los sistemas del sitio, de sus proveedores o de terceros.<\/p><p class=\"p1\"><b>3. Registro de usuarios<\/b><b><\/b><\/p><p class=\"p2\">Para acceder a determinados servicios, puede requerirse el registro del usuario mediante la creaci\u00f3n de una cuenta. En este caso, el usuario se compromete a facilitar informaci\u00f3n veraz y l\u00edcita, as\u00ed como a mantener actualizados sus datos.<\/p><p class=\"p2\">El usuario registrado ser\u00e1 responsable de la custodia de su identificador y contrase\u00f1a, comprometi\u00e9ndose a no ceder su uso a terceros ni permitir accesos no autorizados.<\/p><p class=\"p1\"><b>4. Contenidos del sitio web<\/b><b><\/b><\/p><p class=\"p2\">Los contenidos del sitio web (textos, im\u00e1genes, v\u00eddeos, software, dise\u00f1o gr\u00e1fico, etc.) son propiedad de Marketing y Experienzia de Cliente S.L. o cuentan con las licencias necesarias para su uso.<\/p><p class=\"p2\">Est\u00e1 prohibida su reproducci\u00f3n, distribuci\u00f3n, comunicaci\u00f3n p\u00fablica, transformaci\u00f3n o cualquier otro uso que no haya sido expresamente autorizado por el titular de los derechos.<\/p><p class=\"p1\"><b>5. Exclusi\u00f3n de responsabilidad<\/b><b><\/b><\/p><p class=\"p2\">La Empresa no ser\u00e1 responsable de:<\/p><p class=\"p2\">\u2219 El mal uso que los usuarios puedan hacer del sitio web.<\/p><p class=\"p2\">\u2219 La continuidad o disponibilidad del sitio web.<\/p><p class=\"p2\">\u2219 La existencia de virus u otros elementos que puedan da\u00f1ar los sistemas inform\u00e1ticos.<\/p><p class=\"p2\">\u2219 La fiabilidad y veracidad de la informaci\u00f3n publicada por terceros ajenos al sitio web.<\/p><p class=\"p1\"><b>6. Enlaces a terceros<\/b><b><\/b><\/p><p class=\"p2\">El Sitio Web puede contener enlaces o hiperv\u00ednculos a p\u00e1ginas externas que no son gestionadas por la Empresa. En dichos casos, la Empresa no asume responsabilidad alguna por el contenido, funcionamiento o legalidad de tales sitios.<\/p><p class=\"p2\">La inclusi\u00f3n de estos enlaces no implica relaci\u00f3n alguna entre la Empresa y los titulares de los sitios enlazados.<\/p><p class=\"p1\"><b>7. Modificaciones<\/b><b><\/b><\/p><p class=\"p2\">La Empresa se reserva el derecho a modificar, en cualquier momento y sin necesidad de previo aviso, la presentaci\u00f3n, configuraci\u00f3n y contenido del Sitio Web, as\u00ed como las presentes Condiciones Generales.<\/p><p class=\"p2\">Se recomienda al usuario revisar peri\u00f3dicamente los t\u00e9rminos de uso.<\/p><p class=\"p1\"><b>8. Protecci\u00f3n de datos personales<\/b><b><\/b><\/p><p class=\"p2\">La recogida y el tratamiento de los datos personales de los usuarios se rige por lo establecido en nuestra [Pol\u00edtica de Privacidad], que forma parte integrante de estas condiciones.<\/p><p class=\"p1\"><b>9. Legislaci\u00f3n aplicable y jurisdicci\u00f3n<\/b><b><\/b><\/p><p class=\"p2\">Las presentes Condiciones Generales se rigen por la legislaci\u00f3n espa\u00f1ola. Para cualquier controversia que pueda derivarse del acceso o uso del Sitio Web, ambas partes se someten a los Juzgados y Tribunales de la ciudad de Madrid, renunciando expresamente a cualquier otro fuero que pudiera corresponderles.<\/p>\t\t\t\t\t\t\t\t<\/div>\n\t\t\t\t<\/div>\n\t\t\t\t<\/div>\n\t\t","protected":false},"excerpt":{"rendered":"<p>CONDICIONES GENERALES DE USO 1. Objeto Las presentes condiciones regulan el acceso y uso del sitio web [www.experienzia.es] (en adelante, \u201cel Sitio Web\u201d), propiedad de Marketing y Experienzia de Cliente S.L. (en adelante, \u201cla Empresa\u201d), as\u00ed como la relaci\u00f3n entre los usuarios y la Empresa. El acceso al Sitio Web implica la aceptaci\u00f3n sin reservas [&hellip;]<\/p>\n","protected":false},"author":1,"featured_media":0,"parent":0,"menu_order":0,"comment_status":"closed","ping_status":"closed","template":"elementor_header_footer","meta":{"_acf_changed":false,"footnotes":""},"class_list":["post-73","page","type-page","status-publish","hentry"],"acf":[],"_links":{"self":[{"href":"https:\/\/desarrollosgg2.com\/experienzia\/wp-json\/wp\/v2\/pages\/73","targetHints":{"allow":["GET"]}}],"collection":[{"href":"https:\/\/desarrollosgg2.com\/experienzia\/wp-json\/wp\/v2\/pages"}],"about":[{"href":"https:\/\/desarrollosgg2.com\/experienzia\/wp-json\/wp\/v2\/types\/page"}],"author":[{"embeddable":true,"href":"https:\/\/desarrollosgg2.com\/experienzia\/wp-json\/wp\/v2\/users\/1"}],"replies":[{"embeddable":true,"href":"https:\/\/desarrollosgg2.com\/experienzia\/wp-json\/wp\/v2\/comments?post=73"}],"version-history":[{"count":10,"href":"https:\/\/desarrollosgg2.com\/experienzia\/wp-json\/wp\/v2\/pages\/73\/revisions"}],"predecessor-version":[{"id":1019,"href":"https:\/\/desarrollosgg2.com\/experienzia\/wp-json\/wp\/v2\/pages\/73\/revisions\/1019"}],"wp:attachment":[{"href":"https:\/\/desarrollosgg2.com\/experienzia\/wp-json\/wp\/v2\/media?parent=73"}],"curies":[{"name":"wp","href":"https:\/\/api.w.org\/{rel}","templated":true}]}}