{"id":72,"date":"2025-07-22T17:32:18","date_gmt":"2025-07-22T15:32:18","guid":{"rendered":"http:\/\/experienzia.test\/?page_id=72"},"modified":"2025-08-04T23:06:05","modified_gmt":"2025-08-04T21:06:05","slug":"politica-de-cookies","status":"publish","type":"page","link":"https:\/\/desarrollosgg2.com\/experienzia\/politica-de-cookies\/","title":{"rendered":"Pol\u00edtica de Cookies"},"content":{"rendered":"\t\t<div data-elementor-type=\"wp-page\" data-elementor-id=\"72\" class=\"elementor elementor-72\" data-elementor-post-type=\"page\">\n\t\t\t\t<div class=\"elementor-element elementor-element-0e18129 e-con-full e-flex e-con e-parent\" data-id=\"0e18129\" data-element_type=\"container\" data-settings=\"{&quot;background_background&quot;:&quot;classic&quot;}\">\n\t\t\t\t<div class=\"elementor-element elementor-element-b13b9db elementor-widget elementor-widget-text-editor\" data-id=\"b13b9db\" data-element_type=\"widget\" data-widget_type=\"text-editor.default\">\n\t\t\t\t\t\t\t\t\t<p class=\"p1\"><b>POL\u00cdTICA DE COOKIES<\/b><b><\/b><\/p><p class=\"p1\"><b>1. \u00bfQu\u00e9 son las cookies?<\/b><b><\/b><\/p><p class=\"p2\">Las cookies son peque\u00f1os archivos de texto que un sitio web descarga y almacena en el dispositivo del usuario (ordenador, smartphone, tablet, etc.) cuando este accede y navega por la web. Su utilidad radica en que permiten recordar informaci\u00f3n sobre la visita, como el idioma preferido, opciones de visualizaci\u00f3n o h\u00e1bitos de navegaci\u00f3n, lo que puede facilitar la pr\u00f3xima visita y hacer que el sitio resulte m\u00e1s \u00fatil.<\/p><p class=\"p1\"><b>2. Tipos de cookies utilizadas<\/b><b><\/b><\/p><p class=\"p2\">El presente sitio web, titularidad de Marketing y Experienzia de Cliente S.L. (CIF B01817071), utiliza cookies propias y de terceros con las siguientes finalidades:<\/p><p class=\"p1\"><b>a) Seg\u00fan la entidad que las gestiona:<\/b><b><\/b><\/p><p class=\"p2\">\u2219 Cookies propias: aquellas enviadas y gestionadas directamente por nuestra web.<\/p><p class=\"p2\">\u2219 Cookies de terceros: aquellas que se env\u00edan desde un dominio o equipo que no es gestionado directamente por nosotros, sino por un tercero (por ejemplo, Google Analytics o redes sociales).<\/p><p class=\"p1\"><b>b) Seg\u00fan su finalidad:<\/b><b><\/b><\/p><p class=\"p2\">\u2219 Cookies t\u00e9cnicas (necesarias): permiten al usuario la navegaci\u00f3n por la p\u00e1gina web y la utilizaci\u00f3n de las diferentes opciones o servicios que ofrece. No requieren consentimiento.<\/p><p class=\"p2\">\u2219 Cookies de preferencias o personalizaci\u00f3n: permiten recordar informaci\u00f3n para que el usuario acceda al servicio con ciertas caracter\u00edsticas predefinidas (por ejemplo, idioma o regi\u00f3n).<\/p><p class=\"p2\">\u2219 Cookies de an\u00e1lisis o medici\u00f3n: permiten el seguimiento y an\u00e1lisis del comportamiento de los usuarios (por ejemplo, n\u00famero de visitas, p\u00e1ginas vistas, etc.) con el fin de introducir mejoras en funci\u00f3n del an\u00e1lisis de los datos de uso.<\/p><p class=\"p2\">\u2219 Cookies de publicidad comportamental: almacenan informaci\u00f3n sobre el comportamiento de los usuarios para mostrarles publicidad personalizada. Se requiere consentimiento expl\u00edcito.<\/p><p class=\"p1\"><b>c) Seg\u00fan el plazo de tiempo que permanecen activadas:<\/b><b><\/b><\/p><p class=\"p2\">\u2219 Cookies de sesi\u00f3n: se eliminan autom\u00e1ticamente cuando el usuario cierra el navegador.<\/p><p class=\"p2\">\u2219 Cookies persistentes: permanecen almacenadas en el equipo del usuario durante un tiempo determinado que puede variar desde unos minutos hasta varios a\u00f1os.<\/p><p class=\"p1\"><b>3. Cookies utilizadas en este sitio web<\/b><\/p><table><thead><tr><th>Nombre de la cookie<\/th><th>Tipo<\/th><th>Prop\u00f3sito<\/th><th>Duraci\u00f3n<\/th><th>Titular<\/th><\/tr><\/thead><tbody><tr><td>cookieConsent<\/td><td>T\u00e9cnica<\/td><td>Guarda la aceptaci\u00f3n del uso de cookies<\/td><td>1 a\u00f1o<\/td><td>Propia<\/td><\/tr><\/tbody><\/table>\t\t\t\t\t\t\t\t<\/div>\n\t\t\t\t<\/div>\n\t\t\t\t<\/div>\n\t\t","protected":false},"excerpt":{"rendered":"<p>POL\u00cdTICA DE COOKIES 1. \u00bfQu\u00e9 son las cookies? Las cookies son peque\u00f1os archivos de texto que un sitio web descarga y almacena en el dispositivo del usuario (ordenador, smartphone, tablet, etc.) cuando este accede y navega por la web. Su utilidad radica en que permiten recordar informaci\u00f3n sobre la visita, como el idioma preferido, opciones [&hellip;]<\/p>\n","protected":false},"author":1,"featured_media":0,"parent":0,"menu_order":0,"comment_status":"closed","ping_status":"closed","template":"elementor_header_footer","meta":{"_acf_changed":false,"footnotes":""},"class_list":["post-72","page","type-page","status-publish","hentry"],"acf":[],"_links":{"self":[{"href":"https:\/\/desarrollosgg2.com\/experienzia\/wp-json\/wp\/v2\/pages\/72","targetHints":{"allow":["GET"]}}],"collection":[{"href":"https:\/\/desarrollosgg2.com\/experienzia\/wp-json\/wp\/v2\/pages"}],"about":[{"href":"https:\/\/desarrollosgg2.com\/experienzia\/wp-json\/wp\/v2\/types\/page"}],"author":[{"embeddable":true,"href":"https:\/\/desarrollosgg2.com\/experienzia\/wp-json\/wp\/v2\/users\/1"}],"replies":[{"embeddable":true,"href":"https:\/\/desarrollosgg2.com\/experienzia\/wp-json\/wp\/v2\/comments?post=72"}],"version-history":[{"count":10,"href":"https:\/\/desarrollosgg2.com\/experienzia\/wp-json\/wp\/v2\/pages\/72\/revisions"}],"predecessor-version":[{"id":1016,"href":"https:\/\/desarrollosgg2.com\/experienzia\/wp-json\/wp\/v2\/pages\/72\/revisions\/1016"}],"wp:attachment":[{"href":"https:\/\/desarrollosgg2.com\/experienzia\/wp-json\/wp\/v2\/media?parent=72"}],"curies":[{"name":"wp","href":"https:\/\/api.w.org\/{rel}","templated":true}]}}