{"id":11,"date":"2025-07-22T15:29:22","date_gmt":"2025-07-22T13:29:22","guid":{"rendered":"http:\/\/experienzia.test\/?page_id=11"},"modified":"2025-08-06T18:13:11","modified_gmt":"2025-08-06T16:13:11","slug":"a-medida","status":"publish","type":"page","link":"https:\/\/desarrollosgg2.com\/experienzia\/a-medida\/","title":{"rendered":"A Medida"},"content":{"rendered":"\t\t<div data-elementor-type=\"wp-page\" data-elementor-id=\"11\" class=\"elementor elementor-11\" data-elementor-post-type=\"page\">\n\t\t\t\t<div class=\"elementor-element elementor-element-d145f57 e-flex e-con-boxed e-con e-parent\" data-id=\"d145f57\" data-element_type=\"container\">\n\t\t\t\t\t<div class=\"e-con-inner\">\n\t\t\t\t<div class=\"elementor-element elementor-element-bb7862a elementor-widget elementor-widget-heading\" data-id=\"bb7862a\" data-element_type=\"widget\" data-widget_type=\"heading.default\">\n\t\t\t\t\t<h2 class=\"elementor-heading-title elementor-size-default\">SERVICIOS A MEDIDA\n<\/h2>\t\t\t\t<\/div>\n\t\t\t\t<div class=\"elementor-element elementor-element-2e1fae4 elementor-widget elementor-widget-heading\" data-id=\"2e1fae4\" data-element_type=\"widget\" data-widget_type=\"heading.default\">\n\t\t\t\t\t<h2 class=\"elementor-heading-title elementor-size-default\">Proyectos a Medida para Empresas\n\u00danicas<\/h2>\t\t\t\t<\/div>\n\t\t\t\t<div class=\"elementor-element elementor-element-200ffb7 elementor-widget elementor-widget-text-editor\" data-id=\"200ffb7\" data-element_type=\"widget\" data-widget_type=\"text-editor.default\">\n\t\t\t\t\t\t\t\t\t<p>En Experienzia, sabemos que cada empresa tiene necesidades espec\u00edficas. Por eso creamos proyectos a medida<\/p><p>que responden a tus retos reales y potencian el crecimiento de tu negocio<\/p>\t\t\t\t\t\t\t\t<\/div>\n\t\t\t\t\t<\/div>\n\t\t\t\t<\/div>\n\t\t<div class=\"elementor-element elementor-element-38894b4 e-flex e-con-boxed e-con e-parent\" data-id=\"38894b4\" data-element_type=\"container\">\n\t\t\t\t\t<div class=\"e-con-inner\">\n\t\t<div class=\"elementor-element elementor-element-7616ac4 e-grid e-con-full e-con e-child\" data-id=\"7616ac4\" data-element_type=\"container\">\n\t\t\t\t<div class=\"elementor-element elementor-element-71ecc26 elementor-position-top elementor-widget elementor-widget-image-box\" data-id=\"71ecc26\" data-element_type=\"widget\" data-widget_type=\"image-box.default\">\n\t\t\t\t\t<div class=\"elementor-image-box-wrapper\"><figure class=\"elementor-image-box-img\"><img decoding=\"async\" src=\"https:\/\/desarrollosgg2.com\/experienzia\/wp-content\/uploads\/elementor\/thumbs\/pexels-photo-3183150-r9dtsos1jaahzye9ne35vlrvaz8fxtwr1u9sp5ftkw.webp\" title=\"pexels-photo-3183150\" alt=\"pexels-photo-3183150\" loading=\"lazy\" \/><\/figure><div class=\"elementor-image-box-content\"><h3 class=\"elementor-image-box-title\">Dise\u00f1amos y Optimizamos Procesos Operativos<\/h3><p class=\"elementor-image-box-description\">Analizamos tus procesos internos para detectar ineficiencias y proponer soluciones eficaces. Ya sea mejorando procesos existentes o creando nuevos desde cero, nuestro objetivo es automatizar tareas, reducir costes y aumentar la productividad.\n<br><br>\n\n<ul class=\"lista-servicios\">\n  <li><span>An\u00e1lisis detallado de flujos de trabajo<\/span><\/li>\n  <li><span>Optimizaci\u00f3n y redise\u00f1o de procesos<\/span><\/li>\n  <li><span>Automatizaci\u00f3n e integraci\u00f3n con herramientas digitales<\/span><\/li>\n<\/ul>\n<a href=\"\/experienzia\/contacto\" class=\"mas-informacion\"><span>M\u00e1s informaci\u00f3n<\/span><\/a>\n<\/p><\/div><\/div>\t\t\t\t<\/div>\n\t\t\t\t<div class=\"elementor-element elementor-element-32e2bd1 elementor-position-top elementor-widget elementor-widget-image-box\" data-id=\"32e2bd1\" data-element_type=\"widget\" data-widget_type=\"image-box.default\">\n\t\t\t\t\t<div class=\"elementor-image-box-wrapper\"><figure class=\"elementor-image-box-img\"><img decoding=\"async\" src=\"https:\/\/desarrollosgg2.com\/experienzia\/wp-content\/uploads\/elementor\/thumbs\/pexels-photo-7688336-r9dtsmwd5m7xcqgzyd9wqm8y47hpifpadkytqlilxc.webp\" title=\"pexels-photo-7688336\" alt=\"pexels-photo-7688336\" loading=\"lazy\" \/><\/figure><div class=\"elementor-image-box-content\"><h3 class=\"elementor-image-box-title\">Tu Departamento de Marketing, M\u00e1s Potente<\/h3><p class=\"elementor-image-box-description\">Funcionamos como una extensi\u00f3n estrat\u00e9gica de tu equipo de marketing. Aportamos ideas, herramientas y acciones que te ayudar\u00e1n a conectar con tu p\u00fablico y alcanzar tus objetivos de marca.\n<br><br>\n\n<ul class=\"lista-servicios\">\n  <li><span>Desarrollo de campa\u00f1as adaptadas a tu audiencia<\/span><\/li>\n  <li><span>Implementaci\u00f3n de herramientas como CRM y automatizaci\u00f3n<\/span><\/li>\n  <li><span>Medici\u00f3n y an\u00e1lisis de resultados en tiempo real<\/span><\/li>\n<\/ul>\n<a href=\"\/experienzia\/contacto\" class=\"mas-informacion\"><span>M\u00e1s informaci\u00f3n<\/span><\/a>\n<\/p><\/div><\/div>\t\t\t\t<\/div>\n\t\t\t\t<div class=\"elementor-element elementor-element-7b42182 elementor-position-top elementor-widget elementor-widget-image-box\" data-id=\"7b42182\" data-element_type=\"widget\" data-widget_type=\"image-box.default\">\n\t\t\t\t\t<div class=\"elementor-image-box-wrapper\"><figure class=\"elementor-image-box-img\"><img decoding=\"async\" src=\"https:\/\/desarrollosgg2.com\/experienzia\/wp-content\/uploads\/elementor\/thumbs\/pexels-photo-3184292-r9dtsl0ory5cpijq9cgnlmq0xfqz31htpbnus1le9s.webp\" title=\"pexels-photo-3184292\" alt=\"pexels-photo-3184292\" loading=\"lazy\" \/><\/figure><div class=\"elementor-image-box-content\"><h3 class=\"elementor-image-box-title\">Soluciones con Visi\u00f3n Estrat\u00e9gica<\/h3><p class=\"elementor-image-box-description\">No solo resolvemos lo urgente: pensamos a largo plazo. Todas nuestras soluciones se basan en una visi\u00f3n estrat\u00e9gica que alinea tecnolog\u00eda, procesos y marketing con los objetivos globales de tu empresa.\n<br><br>\n\n<ul class=\"lista-servicios\">\n  <li><span>Alineaci\u00f3n entre \u00e1reas clave del negocio<\/span><\/li>\n  <li><span>Optimizaci\u00f3n y redise\u00f1o de procesos<\/span><\/li>\n  <li><span>Escalabilidad y adaptaci\u00f3n a nuevas oportunidades<\/span><\/li>\n<\/ul>\n<a href=\"\/experienzia\/contacto\" class=\"mas-informacion\"><span>M\u00e1s informaci\u00f3n<\/span><\/a>\n<\/p><\/div><\/div>\t\t\t\t<\/div>\n\t\t\t\t<\/div>\n\t\t\t\t\t<\/div>\n\t\t\t\t<\/div>\n\t\t<div class=\"elementor-element elementor-element-de0d3cb e-flex e-con-boxed e-con e-parent\" data-id=\"de0d3cb\" data-element_type=\"container\">\n\t\t\t\t\t<div class=\"e-con-inner\">\n\t\t<div class=\"elementor-element elementor-element-02bbeeb e-con-full e-flex e-con e-child\" data-id=\"02bbeeb\" data-element_type=\"container\">\n\t\t\t\t<div class=\"elementor-element elementor-element-32b6c36 elementor-widget elementor-widget-heading\" data-id=\"32b6c36\" data-element_type=\"widget\" data-widget_type=\"heading.default\">\n\t\t\t\t\t<h2 class=\"elementor-heading-title elementor-size-default\">\u00bfPor Qu\u00e9 Trabajar con Nosotros?<\/h2>\t\t\t\t<\/div>\n\t\t<div class=\"elementor-element elementor-element-5440c8c e-grid e-con-full e-con e-child\" data-id=\"5440c8c\" data-element_type=\"container\">\n\t\t\t\t<div class=\"elementor-element elementor-element-a2c0738 elementor-view-stacked elementor-position-left elementor-shape-circle elementor-mobile-position-top elementor-widget elementor-widget-icon-box\" data-id=\"a2c0738\" data-element_type=\"widget\" data-widget_type=\"icon-box.default\">\n\t\t\t\t\t\t\t<div class=\"elementor-icon-box-wrapper\">\n\n\t\t\t\t\t\t<div class=\"elementor-icon-box-icon\">\n\t\t\t\t<span  class=\"elementor-icon\">\n\t\t\t\t<svg aria-hidden=\"true\" class=\"e-font-icon-svg e-far-lightbulb\" viewBox=\"0 0 352 512\" xmlns=\"http:\/\/www.w3.org\/2000\/svg\"><path d=\"M176 80c-52.94 0-96 43.06-96 96 0 8.84 7.16 16 16 16s16-7.16 16-16c0-35.3 28.72-64 64-64 8.84 0 16-7.16 16-16s-7.16-16-16-16zM96.06 459.17c0 3.15.93 6.22 2.68 8.84l24.51 36.84c2.97 4.46 7.97 7.14 13.32 7.14h78.85c5.36 0 10.36-2.68 13.32-7.14l24.51-36.84c1.74-2.62 2.67-5.7 2.68-8.84l.05-43.18H96.02l.04 43.18zM176 0C73.72 0 0 82.97 0 176c0 44.37 16.45 84.85 43.56 115.78 16.64 18.99 42.74 58.8 52.42 92.16v.06h48v-.12c-.01-4.77-.72-9.51-2.15-14.07-5.59-17.81-22.82-64.77-62.17-109.67-20.54-23.43-31.52-53.15-31.61-84.14-.2-73.64 59.67-128 127.95-128 70.58 0 128 57.42 128 128 0 30.97-11.24 60.85-31.65 84.14-39.11 44.61-56.42 91.47-62.1 109.46a47.507 47.507 0 0 0-2.22 14.3v.1h48v-.05c9.68-33.37 35.78-73.18 52.42-92.16C335.55 260.85 352 220.37 352 176 352 78.8 273.2 0 176 0z\"><\/path><\/svg>\t\t\t\t<\/span>\n\t\t\t<\/div>\n\t\t\t\n\t\t\t\t\t\t<div class=\"elementor-icon-box-content\">\n\n\t\t\t\t\n\t\t\t\t\t\t\t\t\t<p class=\"elementor-icon-box-description\">\n\t\t\t\t\t\tProyectos personalizados, no plantillas gen\u00e9ricas\t\t\t\t\t<\/p>\n\t\t\t\t\n\t\t\t<\/div>\n\t\t\t\n\t\t<\/div>\n\t\t\t\t\t\t<\/div>\n\t\t\t\t<div class=\"elementor-element elementor-element-f2d8320 elementor-view-stacked elementor-position-left elementor-shape-circle elementor-mobile-position-top elementor-widget elementor-widget-icon-box\" data-id=\"f2d8320\" data-element_type=\"widget\" data-widget_type=\"icon-box.default\">\n\t\t\t\t\t\t\t<div class=\"elementor-icon-box-wrapper\">\n\n\t\t\t\t\t\t<div class=\"elementor-icon-box-icon\">\n\t\t\t\t<span  class=\"elementor-icon\">\n\t\t\t\t<svg aria-hidden=\"true\" class=\"e-font-icon-svg e-far-lightbulb\" viewBox=\"0 0 352 512\" xmlns=\"http:\/\/www.w3.org\/2000\/svg\"><path d=\"M176 80c-52.94 0-96 43.06-96 96 0 8.84 7.16 16 16 16s16-7.16 16-16c0-35.3 28.72-64 64-64 8.84 0 16-7.16 16-16s-7.16-16-16-16zM96.06 459.17c0 3.15.93 6.22 2.68 8.84l24.51 36.84c2.97 4.46 7.97 7.14 13.32 7.14h78.85c5.36 0 10.36-2.68 13.32-7.14l24.51-36.84c1.74-2.62 2.67-5.7 2.68-8.84l.05-43.18H96.02l.04 43.18zM176 0C73.72 0 0 82.97 0 176c0 44.37 16.45 84.85 43.56 115.78 16.64 18.99 42.74 58.8 52.42 92.16v.06h48v-.12c-.01-4.77-.72-9.51-2.15-14.07-5.59-17.81-22.82-64.77-62.17-109.67-20.54-23.43-31.52-53.15-31.61-84.14-.2-73.64 59.67-128 127.95-128 70.58 0 128 57.42 128 128 0 30.97-11.24 60.85-31.65 84.14-39.11 44.61-56.42 91.47-62.1 109.46a47.507 47.507 0 0 0-2.22 14.3v.1h48v-.05c9.68-33.37 35.78-73.18 52.42-92.16C335.55 260.85 352 220.37 352 176 352 78.8 273.2 0 176 0z\"><\/path><\/svg>\t\t\t\t<\/span>\n\t\t\t<\/div>\n\t\t\t\n\t\t\t\t\t\t<div class=\"elementor-icon-box-content\">\n\n\t\t\t\t\n\t\t\t\t\t\t\t\t\t<p class=\"elementor-icon-box-description\">\n\t\t\t\t\t\tEnfoque integral: procesos, marketing y estrategia\n\n\t\t\t\t\t<\/p>\n\t\t\t\t\n\t\t\t<\/div>\n\t\t\t\n\t\t<\/div>\n\t\t\t\t\t\t<\/div>\n\t\t\t\t<div class=\"elementor-element elementor-element-12cffa8 elementor-view-stacked elementor-position-left elementor-shape-circle elementor-mobile-position-top elementor-widget elementor-widget-icon-box\" data-id=\"12cffa8\" data-element_type=\"widget\" data-widget_type=\"icon-box.default\">\n\t\t\t\t\t\t\t<div class=\"elementor-icon-box-wrapper\">\n\n\t\t\t\t\t\t<div class=\"elementor-icon-box-icon\">\n\t\t\t\t<span  class=\"elementor-icon\">\n\t\t\t\t<svg aria-hidden=\"true\" class=\"e-font-icon-svg e-far-lightbulb\" viewBox=\"0 0 352 512\" xmlns=\"http:\/\/www.w3.org\/2000\/svg\"><path d=\"M176 80c-52.94 0-96 43.06-96 96 0 8.84 7.16 16 16 16s16-7.16 16-16c0-35.3 28.72-64 64-64 8.84 0 16-7.16 16-16s-7.16-16-16-16zM96.06 459.17c0 3.15.93 6.22 2.68 8.84l24.51 36.84c2.97 4.46 7.97 7.14 13.32 7.14h78.85c5.36 0 10.36-2.68 13.32-7.14l24.51-36.84c1.74-2.62 2.67-5.7 2.68-8.84l.05-43.18H96.02l.04 43.18zM176 0C73.72 0 0 82.97 0 176c0 44.37 16.45 84.85 43.56 115.78 16.64 18.99 42.74 58.8 52.42 92.16v.06h48v-.12c-.01-4.77-.72-9.51-2.15-14.07-5.59-17.81-22.82-64.77-62.17-109.67-20.54-23.43-31.52-53.15-31.61-84.14-.2-73.64 59.67-128 127.95-128 70.58 0 128 57.42 128 128 0 30.97-11.24 60.85-31.65 84.14-39.11 44.61-56.42 91.47-62.1 109.46a47.507 47.507 0 0 0-2.22 14.3v.1h48v-.05c9.68-33.37 35.78-73.18 52.42-92.16C335.55 260.85 352 220.37 352 176 352 78.8 273.2 0 176 0z\"><\/path><\/svg>\t\t\t\t<\/span>\n\t\t\t<\/div>\n\t\t\t\n\t\t\t\t\t\t<div class=\"elementor-icon-box-content\">\n\n\t\t\t\t\n\t\t\t\t\t\t\t\t\t<p class=\"elementor-icon-box-description\">\n\t\t\t\t\t\tAcompa\u00f1amiento experto durante todo el proyecto\t\t\t\t\t<\/p>\n\t\t\t\t\n\t\t\t<\/div>\n\t\t\t\n\t\t<\/div>\n\t\t\t\t\t\t<\/div>\n\t\t\t\t<\/div>\n\t\t\t\t<\/div>\n\t\t\t\t\t<\/div>\n\t\t\t\t<\/div>\n\t\t\t\t<\/div>\n\t\t","protected":false},"excerpt":{"rendered":"<p>SERVICIOS A MEDIDA Proyectos a Medida para Empresas \u00danicas En Experienzia, sabemos que cada empresa tiene necesidades espec\u00edficas. Por eso creamos proyectos a medida que responden a tus retos reales y potencian el crecimiento de tu negocio Dise\u00f1amos y Optimizamos Procesos Operativos Analizamos tus procesos internos para detectar ineficiencias y proponer soluciones eficaces. Ya sea [&hellip;]<\/p>\n","protected":false},"author":1,"featured_media":0,"parent":0,"menu_order":0,"comment_status":"closed","ping_status":"closed","template":"elementor_header_footer","meta":{"_acf_changed":false,"footnotes":""},"class_list":["post-11","page","type-page","status-publish","hentry"],"acf":[],"_links":{"self":[{"href":"https:\/\/desarrollosgg2.com\/experienzia\/wp-json\/wp\/v2\/pages\/11","targetHints":{"allow":["GET"]}}],"collection":[{"href":"https:\/\/desarrollosgg2.com\/experienzia\/wp-json\/wp\/v2\/pages"}],"about":[{"href":"https:\/\/desarrollosgg2.com\/experienzia\/wp-json\/wp\/v2\/types\/page"}],"author":[{"embeddable":true,"href":"https:\/\/desarrollosgg2.com\/experienzia\/wp-json\/wp\/v2\/users\/1"}],"replies":[{"embeddable":true,"href":"https:\/\/desarrollosgg2.com\/experienzia\/wp-json\/wp\/v2\/comments?post=11"}],"version-history":[{"count":118,"href":"https:\/\/desarrollosgg2.com\/experienzia\/wp-json\/wp\/v2\/pages\/11\/revisions"}],"predecessor-version":[{"id":1323,"href":"https:\/\/desarrollosgg2.com\/experienzia\/wp-json\/wp\/v2\/pages\/11\/revisions\/1323"}],"wp:attachment":[{"href":"https:\/\/desarrollosgg2.com\/experienzia\/wp-json\/wp\/v2\/media?parent=11"}],"curies":[{"name":"wp","href":"https:\/\/api.w.org\/{rel}","templated":true}]}}